{"id":8170,"date":"2026-03-19T09:46:02","date_gmt":"2026-03-19T02:46:02","guid":{"rendered":"https:\/\/ngonladalat.com\/?page_id=8170"},"modified":"2026-03-19T15:58:36","modified_gmt":"2026-03-19T08:58:36","slug":"cau-chuyen-thuong-hieu","status":"publish","type":"page","link":"https:\/\/ngonladalat.com\/?page_id=8170","title":{"rendered":"C\u00c2U CHUY\u1ec6N TH\u01af\u01a0NG HI\u1ec6U"},"content":{"rendered":"<h2>\u00a0<\/h2>\r\n<h2 class=\"wp-block-heading\"><span style=\"font-family: 'times new roman', times, serif; color: #ff9900;\"><strong>V\u01b0\u1eddn H\u1ed3ng L\u1ec5 V\u00e2n: H\u00e0nh Tr\u00ecnh 3 \u0110\u1eddi Gi\u1eef L\u1eeda Ngh\u1ec1 H\u1ed3ng Treo Gi\u00f3 \u0110\u00e0 L\u1ea1t<\/strong><\/span><\/h2>\r\n<h2 class=\"wp-block-heading\"><span style=\"font-family: 'times new roman', times, serif;\"><strong><br \/>K\u00fd \u1ee9c t\u1eeb nh\u1eefng g\u1ed1c h\u1ed3ng c\u1ed5 th\u1ee5<\/strong><\/span><\/h2>\r\n<p><span style=\"font-family: 'times new roman', times, serif;\"><!-- \/wp:post-content -->\r\n\r\n<!-- wp:paragraph --><\/span><\/p>\r\n<p><span style=\"font-family: 'times new roman', times, serif;\">Gi\u1eefa nh\u1eefng ng\u00e0y cu\u1ed1i thu, khi s\u01b0\u01a1ng gi\u0103ng k\u00edn nh\u1eefng tri\u1ec1n \u0111\u1ed3i L\u00e2m Vi\u00ean, c\u0169ng l\u00e0 l\u00fac s\u1eafc cam v\u00e0ng r\u1ef1c r\u1ee1 c\u1ee7a m\u00f9a h\u1ed3ng b\u1eaft \u0111\u1ea7u r\u1ed9 l\u1ed1i.<\/span><\/p>\r\n<p><span style=\"font-family: 'times new roman', times, serif;\"><!-- \/wp:paragraph -->\r\n\r\n<!-- wp:image {\"id\":3048,\"sizeSlug\":\"large\",\"linkDestination\":\"media\",\"align\":\"center\"} --><\/span><\/p>\r\n<figure class=\"wp-block-image aligncenter size-large\"><a href=\"https:\/\/ngonladalat.com\/wp-content\/uploads\/2026\/03\/h1.jpg\"><img loading=\"lazy\" decoding=\"async\" width=\"1924\" height=\"1443\" class=\"wp-image-3048\" src=\"https:\/\/ngonladalat.com\/wp-content\/uploads\/2026\/03\/h1-edited.jpg\" alt=\"\" srcset=\"https:\/\/ngonladalat.com\/wp-content\/uploads\/2026\/03\/h1-edited.jpg 1924w, https:\/\/ngonladalat.com\/wp-content\/uploads\/2026\/03\/h1-edited-300x225.jpg 300w, https:\/\/ngonladalat.com\/wp-content\/uploads\/2026\/03\/h1-edited-1024x768.jpg 1024w, https:\/\/ngonladalat.com\/wp-content\/uploads\/2026\/03\/h1-edited-768x576.jpg 768w, https:\/\/ngonladalat.com\/wp-content\/uploads\/2026\/03\/h1-edited-1536x1152.jpg 1536w, https:\/\/ngonladalat.com\/wp-content\/uploads\/2026\/03\/h1-edited-416x312.jpg 416w\" sizes=\"auto, (max-width: 1924px) 100vw, 1924px\" \/><\/a><\/figure>\r\n<p><span style=\"font-family: 'times new roman', times, serif;\"><!-- \/wp:image -->\r\n\r\n<!-- wp:paragraph --><\/span><\/p>\r\n<p><span style=\"font-family: 'times new roman', times, serif;\">V\u1edbi ng\u01b0\u1eddi con sinh ra v\u00e0 l\u1edbn l\u00ean t\u1ea1i \u0110\u00e0 L\u1ea1t, c\u00e2y h\u1ed3ng kh\u00f4ng ch\u1ec9 l\u00e0 m\u1ed9t lo\u1ea1i <strong>\u0111\u1eb7c s\u1ea3n \u0110\u00e0 L\u1ea1t<\/strong>, m\u00e0 c\u00f2n l\u00e0 m\u1ea3nh k\u00fd \u1ee9c, l\u00e0 &#8220;m\u00e1u th\u1ecbt&#8221; c\u1ee7a nh\u1eefng gia \u0111\u00ecnh n\u00f4ng d\u00e2n ch\u00e2n ch\u1ea5t.<\/span><\/p>\r\n<p><span style=\"font-family: 'times new roman', times, serif;\"><!-- \/wp:paragraph -->\r\n\r\n<!-- wp:paragraph --><\/span><\/p>\r\n<p><span style=\"font-family: 'times new roman', times, serif;\">T\u1ea1i <strong>V\u01b0\u1eddn h\u1ed3ng L\u1ec5 V\u00e2n<\/strong>, c\u00e2u chuy\u1ec7n \u1ea5y \u0111\u00e3 vi\u1ebft ti\u1ebfp \u0111\u01b0\u1ee3c h\u01a1n 41 n\u0103m, qua ba th\u1ebf h\u1ec7 n\u1ed1i ti\u1ebfp gi\u1eef g\u00ecn phong v\u1ecb \u0111\u1ea5t tr\u1eddi.<\/span><\/p>\r\n<p><span style=\"font-family: 'times new roman', times, serif;\"><!-- \/wp:paragraph -->\r\n\r\n<!-- wp:heading --><\/span><\/p>\r\n<h2 class=\"wp-block-heading\"><span style=\"font-family: 'times new roman', times, serif;\"><strong>1. 40 n\u0103m th\u0103ng tr\u1ea7m tr\u00ean v\u00f9ng \u0111\u1ea5t L\u00e2m Vi\u00ean<\/strong><\/span><\/h2>\r\n<p><span style=\"font-family: 'times new roman', times, serif;\"><!-- \/wp:heading -->\r\n\r\n<!-- wp:paragraph --><\/span><\/p>\r\n<p><span style=\"font-family: 'times new roman', times, serif;\">Ng\u01b0\u1ee3c d\u00f2ng th\u1eddi gian v\u1ec1 nh\u1eefng ng\u00e0y \u0111\u1ea7u khi v\u00f9ng \u0111\u1ea5t n\u00e0y c\u00f2n hoang s\u01a1, \u00f4ng b\u00e0 \u0111\u00e3 \u0111\u1eb7t nh\u1eefng g\u1ed1c h\u1ed3ng \u0111\u1ea7u ti\u00ean xu\u1ed1ng l\u00f2ng \u0111\u1ea5t bazan.<\/span><\/p>\r\n<p><span style=\"font-family: 'times new roman', times, serif;\"><!-- \/wp:paragraph -->\r\n\r\n<!-- wp:paragraph --><\/span><\/p>\r\n<p><span style=\"font-family: 'times new roman', times, serif;\">\u0110\u1ebfn \u0111\u1eddi Ba L\u1ec5, M\u1eb9 V\u00e2n \u2013 nh\u1eefng ng\u01b0\u1eddi d\u00e0nh c\u1ea3 thanh xu\u00e2n \u0111\u1ec3 g\u1eafn b\u00f3 v\u1edbi v\u01b0\u1eddn, h\u00e0nh tr\u00ecnh \u1ea5y ch\u01b0a bao gi\u1edd tr\u1ea3i \u0111\u1ea7y hoa h\u1ed3ng.<\/span><\/p>\r\n<p><span style=\"font-family: 'times new roman', times, serif;\"><!-- \/wp:paragraph -->\r\n\r\n<!-- wp:paragraph --><\/span><\/p>\r\n<p><span style=\"font-family: 'times new roman', times, serif;\">\u0110\u00e3 c\u00f3 nh\u1eefng n\u0103m th\u00e1ng kh\u1eafc nghi\u1ec7t, khi gi\u00e1 h\u1ed3ng r\u1edbt th\u00ea th\u1ea3m, khi th\u1eddi ti\u1ebft khi\u1ebfn m\u00f9a v\u1ee5 th\u1ea5t b\u00e1t, Ba M\u1eb9 t\u1eebng c\u00f3 l\u00fac mu\u1ed1n g\u00e1c l\u1ea1i \u0111am m\u00ea \u0111\u1ec3 m\u01b0u sinh b\u1eb1ng ngh\u1ec1 kh\u00e1c.<\/span><\/p>\r\n<p><span style=\"font-family: 'times new roman', times, serif;\"><!-- \/wp:paragraph -->\r\n\r\n<!-- wp:paragraph --><\/span><\/p>\r\n<p><span style=\"font-family: 'times new roman', times, serif;\">Nh\u01b0ng t\u00ecnh y\u00eau v\u1edbi g\u1ed1c h\u1ed3ng gi\u00e0 v\u00e0 s\u1ef1 ki\u00ean \u0111\u1ecbnh c\u1ee7a ng\u01b0\u1eddi l\u00e0m ngh\u1ec1 \u0111\u00e3 gi\u1eef ch\u00e2n h\u1ecd \u1edf l\u1ea1i v\u1edbi m\u1ea3nh v\u01b0\u1eddn \u0111\u1ea1i ng\u00e0n.<\/span><\/p>\r\n<p><span style=\"font-family: 'times new roman', times, serif;\"><!-- \/wp:paragraph -->\r\n\r\n<!-- wp:heading --><\/span><\/p>\r\n<h2 class=\"wp-block-heading\"><span style=\"font-family: 'times new roman', times, serif;\"><strong>2. B\u01b0\u1edbc ngo\u1eb7t t\u1eeb c\u00f4ng ngh\u1ec7 Nh\u1eadt B\u1ea3n Jica<\/strong><\/span><\/h2>\r\n<p><span style=\"font-family: 'times new roman', times, serif;\"><!-- \/wp:heading -->\r\n\r\n<!-- wp:paragraph --><\/span><\/p>\r\n<p><span style=\"font-family: 'times new roman', times, serif;\">\u00c1nh s\u00e1ng m\u1edf ra khi t\u1ed5 ch\u1ee9c Jica (Nh\u1eadt B\u1ea3n) mang quy tr\u00ecnh l\u00e0m <strong>h\u1ed3ng treo gi\u00f3 c\u00f4ng ngh\u1ec7 Nh\u1eadt<\/strong> \u0111\u1ebfn v\u1edbi \u0110\u00e0 L\u1ea1t. \u0110\u00e2y l\u00e0 cu\u1ed9c c\u00e1ch m\u1ea1ng gi\u00fap n\u00e2ng t\u1ea7m gi\u00e1 tr\u1ecb tr\u00e1i h\u1ed3ng qu\u00ea m\u00ecnh.<\/span><\/p>\r\n<p><span style=\"font-family: 'times new roman', times, serif;\"><!-- \/wp:paragraph -->\r\n\r\n<!-- wp:paragraph --><\/span><\/p>\r\n<p><span style=\"font-family: 'times new roman', times, serif;\">Thay v\u00ec ph\u1ee5 thu\u1ed9c v\u00e0o th\u1eddi ti\u1ebft nh\u01b0 c\u00e1ch l\u00e0m h\u1ed3ng kh\u00f4 truy\u1ec1n th\u1ed1ng, k\u1ef9 thu\u1eadt treo gi\u00f3 gi\u00fap tr\u00e1i h\u1ed3ng gi\u1eef tr\u1ecdn \u0111\u1ed9 d\u1ebbo t\u1ef1 nhi\u00ean, t\u01b0\u01a1m m\u1eadt ng\u1ecdt l\u1ecbm v\u00e0 h\u01b0\u01a1ng th\u01a1m thanh khi\u1ebft.<\/span><\/p>\r\n<p><span style=\"font-family: 'times new roman', times, serif;\"><!-- \/wp:paragraph -->\r\n\r\n<!-- wp:paragraph --><\/span><\/p>\r\n<p><span style=\"font-family: 'times new roman', times, serif;\">S\u1ef1 chuy\u1ec3n m\u00ecnh n\u00e0y kh\u00f4ng ch\u1ec9 c\u1ee9u l\u1ea5y nh\u1eefng v\u01b0\u1eddn h\u1ed3ng \u0111ang d\u1ea7n th\u01b0a th\u1edbt, m\u00e0 c\u00f2n thay \u0111\u1ed5i ho\u00e0n to\u00e0n ch\u1ea5t l\u01b0\u1ee3ng s\u1ed1ng c\u1ee7a ng\u01b0\u1eddi n\u00f4ng d\u00e2n \u0110\u00e0 L\u1ea1t.<\/span><\/p>\r\n<p><span style=\"font-family: 'times new roman', times, serif;\"><!-- \/wp:paragraph -->\r\n\r\n<!-- wp:heading --><\/span><\/p>\r\n<h2 class=\"wp-block-heading\"><span style=\"font-family: 'times new roman', times, serif;\"><strong>3. L\u1ec5 V\u00e2n \u2013 N\u01a1i l\u01b0u gi\u1eef gi\u00e1 tr\u1ecb truy\u1ec1n th\u1ed1ng v\u00e0 t\u01b0\u01a1ng lai b\u1ec1n v\u1eefng<\/strong><\/span><\/h2>\r\n<p><span style=\"font-family: 'times new roman', times, serif;\"><!-- \/wp:heading -->\r\n\r\n<!-- wp:paragraph --><\/span><\/p>\r\n<p><span style=\"font-family: 'times new roman', times, serif;\">T\u1eeb \u0111\u00f4i tay Ba vun \u0111\u1eafp \u0111\u1ea5t, b\u00e0n tay M\u1eb9 t\u1ec9 m\u1ea9n ch\u0103m ch\u00fat t\u1eebng kh\u00e2u s\u01a1 ch\u1ebf, m\u1ed7i tr\u00e1i <strong>h\u1ed3ng treo gi\u00f3 L\u1ec5 V\u00e2n<\/strong> ra \u0111\u1eddi l\u00e0 k\u1ebft tinh c\u1ee7a kinh nghi\u1ec7m 41 n\u0103m v\u00e0 l\u00f2ng t\u1eadn t\u00e2m v\u00f4 h\u1ea1n.Ch\u00fang m\u00ecnh tin r\u1eb1ng: <em>\u201cGi\u1eef l\u1ea5y nh\u1eefng gi\u00e1 tr\u1ecb truy\u1ec1n th\u1ed1ng ch\u00ednh l\u00e0 c\u00e1ch l\u00e0m cho t\u01b0\u01a1ng lai th\u00eam b\u1ec1n v\u1eefng\u201d<\/em>.<\/span><\/p>\r\n<p><span style=\"font-family: 'times new roman', times, serif;\"><!-- \/wp:paragraph -->\r\n\r\n<!-- wp:paragraph --><\/span><\/p>\r\n<p><span style=\"font-family: 'times new roman', times, serif;\">V\u01b0\u1eddn h\u1ed3ng L\u1ec5 V\u00e2n h\u00f4m nay kh\u00f4ng ch\u1ec9 l\u00e0 n\u01a1i s\u1ea3n xu\u1ea5t, m\u00e0 c\u00f2n l\u00e0 n\u01a1i l\u01b0u gi\u1eef m\u1ed9t n\u00e9t v\u0103n h\u00f3a r\u1ea5t ri\u00eang, r\u1ea5t t\u00ecnh c\u1ee7a ng\u01b0\u1eddi \u0110\u00e0 L\u1ea1t.<\/span><\/p>\r\n<p><span style=\"font-family: 'times new roman', times, serif;\"><!-- \/wp:paragraph -->\r\n\r\n<!-- wp:paragraph --><\/span><\/p>\r\n<p>&nbsp;<\/p>","protected":false},"excerpt":{"rendered":"<p>\u00a0 V\u01b0\u1eddn H\u1ed3ng L\u1ec5 V\u00e2n: H\u00e0nh Tr\u00ecnh 3 \u0110\u1eddi Gi\u1eef L\u1eeda Ngh\u1ec1 H\u1ed3ng Treo Gi\u00f3 \u0110\u00e0 L\u1ea1t K\u00fd \u1ee9c t\u1eeb nh\u1eefng g\u1ed1c h\u1ed3ng c\u1ed5 th\u1ee5 Gi\u1eefa nh\u1eefng ng\u00e0y cu\u1ed1i thu, khi s\u01b0\u01a1ng gi\u0103ng k\u00edn nh\u1eefng tri\u1ec1n \u0111\u1ed3i L\u00e2m Vi\u00ean, c\u0169ng l\u00e0 l\u00fac s\u1eafc cam v\u00e0ng r\u1ef1c r\u1ee1 c\u1ee7a m\u00f9a h\u1ed3ng b\u1eaft \u0111\u1ea7u r\u1ed9 l\u1ed1i. V\u1edbi [&hellip;]<\/p>\n","protected":false},"author":2,"featured_media":0,"parent":0,"menu_order":0,"comment_status":"closed","ping_status":"closed","template":"","meta":{"footnotes":""},"class_list":["post-8170","page","type-page","status-publish","hentry"],"yoast_head":"<!-- This site is optimized with the Yoast SEO plugin v27.1.1 - https:\/\/yoast.com\/product\/yoast-seo-wordpress\/ -->\n<title>C\u00c2U CHUY\u1ec6N TH\u01af\u01a0NG HI\u1ec6U - Ngon L\u1ea1 \u0110\u00e0 L\u1ea1t<\/title>\n<meta name=\"robots\" content=\"index, follow, max-snippet:-1, max-image-preview:large, max-video-preview:-1\" \/>\n<link rel=\"canonical\" href=\"https:\/\/ngonladalat.com\/?page_id=8170\" \/>\n<meta property=\"og:locale\" content=\"vi_VN\" \/>\n<meta property=\"og:type\" content=\"article\" \/>\n<meta property=\"og:title\" content=\"C\u00c2U CHUY\u1ec6N TH\u01af\u01a0NG HI\u1ec6U - Ngon L\u1ea1 \u0110\u00e0 L\u1ea1t\" \/>\n<meta property=\"og:description\" content=\"\u00a0 V\u01b0\u1eddn H\u1ed3ng L\u1ec5 V\u00e2n: H\u00e0nh Tr\u00ecnh 3 \u0110\u1eddi Gi\u1eef L\u1eeda Ngh\u1ec1 H\u1ed3ng Treo Gi\u00f3 \u0110\u00e0 L\u1ea1t K\u00fd \u1ee9c t\u1eeb nh\u1eefng g\u1ed1c h\u1ed3ng c\u1ed5 th\u1ee5 Gi\u1eefa nh\u1eefng ng\u00e0y cu\u1ed1i thu, khi s\u01b0\u01a1ng gi\u0103ng k\u00edn nh\u1eefng tri\u1ec1n \u0111\u1ed3i L\u00e2m Vi\u00ean, c\u0169ng l\u00e0 l\u00fac s\u1eafc cam v\u00e0ng r\u1ef1c r\u1ee1 c\u1ee7a m\u00f9a h\u1ed3ng b\u1eaft \u0111\u1ea7u r\u1ed9 l\u1ed1i. V\u1edbi [&hellip;]\" \/>\n<meta property=\"og:url\" content=\"https:\/\/ngonladalat.com\/?page_id=8170\" \/>\n<meta property=\"og:site_name\" content=\"Ngon L\u1ea1 \u0110\u00e0 L\u1ea1t\" \/>\n<meta property=\"article:modified_time\" content=\"2026-03-19T08:58:36+00:00\" \/>\n<meta property=\"og:image\" content=\"https:\/\/ngonladalat.com\/wp-content\/uploads\/2026\/03\/h1-edited.jpg\" \/>\n\t<meta property=\"og:image:width\" content=\"1924\" \/>\n\t<meta property=\"og:image:height\" content=\"1443\" \/>\n\t<meta property=\"og:image:type\" content=\"image\/jpeg\" \/>\n<meta name=\"twitter:card\" content=\"summary_large_image\" \/>\n<meta name=\"twitter:label1\" content=\"\u01af\u1edbc t\u00ednh th\u1eddi gian \u0111\u1ecdc\" \/>\n\t<meta name=\"twitter:data1\" content=\"3 ph\u00fat\" \/>\n<script type=\"application\/ld+json\" class=\"yoast-schema-graph\">{\"@context\":\"https:\/\/schema.org\",\"@graph\":[{\"@type\":\"WebPage\",\"@id\":\"https:\/\/ngonladalat.com\/?page_id=8170\",\"url\":\"https:\/\/ngonladalat.com\/?page_id=8170\",\"name\":\"C\u00c2U CHUY\u1ec6N TH\u01af\u01a0NG HI\u1ec6U - Ngon L\u1ea1 \u0110\u00e0 L\u1ea1t\",\"isPartOf\":{\"@id\":\"https:\/\/ngonladalat.com\/#website\"},\"primaryImageOfPage\":{\"@id\":\"https:\/\/ngonladalat.com\/?page_id=8170#primaryimage\"},\"image\":{\"@id\":\"https:\/\/ngonladalat.com\/?page_id=8170#primaryimage\"},\"thumbnailUrl\":\"https:\/\/ngonladalat.com\/wp-content\/uploads\/2026\/03\/h1-edited.jpg\",\"datePublished\":\"2026-03-19T02:46:02+00:00\",\"dateModified\":\"2026-03-19T08:58:36+00:00\",\"breadcrumb\":{\"@id\":\"https:\/\/ngonladalat.com\/?page_id=8170#breadcrumb\"},\"inLanguage\":\"vi\",\"potentialAction\":[{\"@type\":\"ReadAction\",\"target\":[\"https:\/\/ngonladalat.com\/?page_id=8170\"]}]},{\"@type\":\"ImageObject\",\"inLanguage\":\"vi\",\"@id\":\"https:\/\/ngonladalat.com\/?page_id=8170#primaryimage\",\"url\":\"https:\/\/ngonladalat.com\/wp-content\/uploads\/2026\/03\/h1-edited.jpg\",\"contentUrl\":\"https:\/\/ngonladalat.com\/wp-content\/uploads\/2026\/03\/h1-edited.jpg\",\"width\":1924,\"height\":1443},{\"@type\":\"BreadcrumbList\",\"@id\":\"https:\/\/ngonladalat.com\/?page_id=8170#breadcrumb\",\"itemListElement\":[{\"@type\":\"ListItem\",\"position\":1,\"name\":\"Trang ch\u1ee7\",\"item\":\"https:\/\/ngonladalat.com\/\"},{\"@type\":\"ListItem\",\"position\":2,\"name\":\"C\u00c2U CHUY\u1ec6N TH\u01af\u01a0NG HI\u1ec6U\"}]},{\"@type\":\"WebSite\",\"@id\":\"https:\/\/ngonladalat.com\/#website\",\"url\":\"https:\/\/ngonladalat.com\/\",\"name\":\"Ngon L\u1ea1 \u0110\u00e0 L\u1ea1t\",\"description\":\"\",\"publisher\":{\"@id\":\"https:\/\/ngonladalat.com\/#organization\"},\"potentialAction\":[{\"@type\":\"SearchAction\",\"target\":{\"@type\":\"EntryPoint\",\"urlTemplate\":\"https:\/\/ngonladalat.com\/?s={search_term_string}\"},\"query-input\":{\"@type\":\"PropertyValueSpecification\",\"valueRequired\":true,\"valueName\":\"search_term_string\"}}],\"inLanguage\":\"vi\"},{\"@type\":\"Organization\",\"@id\":\"https:\/\/ngonladalat.com\/#organization\",\"name\":\"Ngon L\u1ea1 \u0110\u00e0 L\u1ea1t\",\"url\":\"https:\/\/ngonladalat.com\/\",\"logo\":{\"@type\":\"ImageObject\",\"inLanguage\":\"vi\",\"@id\":\"https:\/\/ngonladalat.com\/#\/schema\/logo\/image\/\",\"url\":\"https:\/\/ngonladalat.com\/wp-content\/uploads\/2026\/03\/logongang.png\",\"contentUrl\":\"https:\/\/ngonladalat.com\/wp-content\/uploads\/2026\/03\/logongang.png\",\"width\":500,\"height\":77,\"caption\":\"Ngon L\u1ea1 \u0110\u00e0 L\u1ea1t\"},\"image\":{\"@id\":\"https:\/\/ngonladalat.com\/#\/schema\/logo\/image\/\"}}]}<\/script>\n<!-- \/ Yoast SEO plugin. -->","yoast_head_json":{"title":"C\u00c2U CHUY\u1ec6N TH\u01af\u01a0NG HI\u1ec6U - Ngon L\u1ea1 \u0110\u00e0 L\u1ea1t","robots":{"index":"index","follow":"follow","max-snippet":"max-snippet:-1","max-image-preview":"max-image-preview:large","max-video-preview":"max-video-preview:-1"},"canonical":"https:\/\/ngonladalat.com\/?page_id=8170","og_locale":"vi_VN","og_type":"article","og_title":"C\u00c2U CHUY\u1ec6N TH\u01af\u01a0NG HI\u1ec6U - Ngon L\u1ea1 \u0110\u00e0 L\u1ea1t","og_description":"\u00a0 V\u01b0\u1eddn H\u1ed3ng L\u1ec5 V\u00e2n: H\u00e0nh Tr\u00ecnh 3 \u0110\u1eddi Gi\u1eef L\u1eeda Ngh\u1ec1 H\u1ed3ng Treo Gi\u00f3 \u0110\u00e0 L\u1ea1t K\u00fd \u1ee9c t\u1eeb nh\u1eefng g\u1ed1c h\u1ed3ng c\u1ed5 th\u1ee5 Gi\u1eefa nh\u1eefng ng\u00e0y cu\u1ed1i thu, khi s\u01b0\u01a1ng gi\u0103ng k\u00edn nh\u1eefng tri\u1ec1n \u0111\u1ed3i L\u00e2m Vi\u00ean, c\u0169ng l\u00e0 l\u00fac s\u1eafc cam v\u00e0ng r\u1ef1c r\u1ee1 c\u1ee7a m\u00f9a h\u1ed3ng b\u1eaft \u0111\u1ea7u r\u1ed9 l\u1ed1i. V\u1edbi [&hellip;]","og_url":"https:\/\/ngonladalat.com\/?page_id=8170","og_site_name":"Ngon L\u1ea1 \u0110\u00e0 L\u1ea1t","article_modified_time":"2026-03-19T08:58:36+00:00","og_image":[{"width":1924,"height":1443,"url":"https:\/\/ngonladalat.com\/wp-content\/uploads\/2026\/03\/h1-edited.jpg","type":"image\/jpeg"}],"twitter_card":"summary_large_image","twitter_misc":{"\u01af\u1edbc t\u00ednh th\u1eddi gian \u0111\u1ecdc":"3 ph\u00fat"},"schema":{"@context":"https:\/\/schema.org","@graph":[{"@type":"WebPage","@id":"https:\/\/ngonladalat.com\/?page_id=8170","url":"https:\/\/ngonladalat.com\/?page_id=8170","name":"C\u00c2U CHUY\u1ec6N TH\u01af\u01a0NG HI\u1ec6U - Ngon L\u1ea1 \u0110\u00e0 L\u1ea1t","isPartOf":{"@id":"https:\/\/ngonladalat.com\/#website"},"primaryImageOfPage":{"@id":"https:\/\/ngonladalat.com\/?page_id=8170#primaryimage"},"image":{"@id":"https:\/\/ngonladalat.com\/?page_id=8170#primaryimage"},"thumbnailUrl":"https:\/\/ngonladalat.com\/wp-content\/uploads\/2026\/03\/h1-edited.jpg","datePublished":"2026-03-19T02:46:02+00:00","dateModified":"2026-03-19T08:58:36+00:00","breadcrumb":{"@id":"https:\/\/ngonladalat.com\/?page_id=8170#breadcrumb"},"inLanguage":"vi","potentialAction":[{"@type":"ReadAction","target":["https:\/\/ngonladalat.com\/?page_id=8170"]}]},{"@type":"ImageObject","inLanguage":"vi","@id":"https:\/\/ngonladalat.com\/?page_id=8170#primaryimage","url":"https:\/\/ngonladalat.com\/wp-content\/uploads\/2026\/03\/h1-edited.jpg","contentUrl":"https:\/\/ngonladalat.com\/wp-content\/uploads\/2026\/03\/h1-edited.jpg","width":1924,"height":1443},{"@type":"BreadcrumbList","@id":"https:\/\/ngonladalat.com\/?page_id=8170#breadcrumb","itemListElement":[{"@type":"ListItem","position":1,"name":"Trang ch\u1ee7","item":"https:\/\/ngonladalat.com\/"},{"@type":"ListItem","position":2,"name":"C\u00c2U CHUY\u1ec6N TH\u01af\u01a0NG HI\u1ec6U"}]},{"@type":"WebSite","@id":"https:\/\/ngonladalat.com\/#website","url":"https:\/\/ngonladalat.com\/","name":"Ngon L\u1ea1 \u0110\u00e0 L\u1ea1t","description":"","publisher":{"@id":"https:\/\/ngonladalat.com\/#organization"},"potentialAction":[{"@type":"SearchAction","target":{"@type":"EntryPoint","urlTemplate":"https:\/\/ngonladalat.com\/?s={search_term_string}"},"query-input":{"@type":"PropertyValueSpecification","valueRequired":true,"valueName":"search_term_string"}}],"inLanguage":"vi"},{"@type":"Organization","@id":"https:\/\/ngonladalat.com\/#organization","name":"Ngon L\u1ea1 \u0110\u00e0 L\u1ea1t","url":"https:\/\/ngonladalat.com\/","logo":{"@type":"ImageObject","inLanguage":"vi","@id":"https:\/\/ngonladalat.com\/#\/schema\/logo\/image\/","url":"https:\/\/ngonladalat.com\/wp-content\/uploads\/2026\/03\/logongang.png","contentUrl":"https:\/\/ngonladalat.com\/wp-content\/uploads\/2026\/03\/logongang.png","width":500,"height":77,"caption":"Ngon L\u1ea1 \u0110\u00e0 L\u1ea1t"},"image":{"@id":"https:\/\/ngonladalat.com\/#\/schema\/logo\/image\/"}}]}},"_links":{"self":[{"href":"https:\/\/ngonladalat.com\/index.php?rest_route=\/wp\/v2\/pages\/8170","targetHints":{"allow":["GET"]}}],"collection":[{"href":"https:\/\/ngonladalat.com\/index.php?rest_route=\/wp\/v2\/pages"}],"about":[{"href":"https:\/\/ngonladalat.com\/index.php?rest_route=\/wp\/v2\/types\/page"}],"author":[{"embeddable":true,"href":"https:\/\/ngonladalat.com\/index.php?rest_route=\/wp\/v2\/users\/2"}],"replies":[{"embeddable":true,"href":"https:\/\/ngonladalat.com\/index.php?rest_route=%2Fwp%2Fv2%2Fcomments&post=8170"}],"version-history":[{"count":7,"href":"https:\/\/ngonladalat.com\/index.php?rest_route=\/wp\/v2\/pages\/8170\/revisions"}],"predecessor-version":[{"id":8221,"href":"https:\/\/ngonladalat.com\/index.php?rest_route=\/wp\/v2\/pages\/8170\/revisions\/8221"}],"wp:attachment":[{"href":"https:\/\/ngonladalat.com\/index.php?rest_route=%2Fwp%2Fv2%2Fmedia&parent=8170"}],"curies":[{"name":"wp","href":"https:\/\/api.w.org\/{rel}","templated":true}]}}