{"id":7256,"date":"2026-03-18T23:33:21","date_gmt":"2026-03-18T16:33:21","guid":{"rendered":"https:\/\/ngonladalat.com\/?product=banh-ngoi-hanh-nhan-dac-san-ngon-la-da-lat"},"modified":"2026-03-19T23:04:09","modified_gmt":"2026-03-19T16:04:09","slug":"banh-ngoi-hanh-nhan-dac-san-ngon-la-da-lat","status":"publish","type":"product","link":"https:\/\/ngonladalat.com\/?product=banh-ngoi-hanh-nhan-dac-san-ngon-la-da-lat","title":{"rendered":"B\u00e1nh ng\u00f3i h\u1ea1nh nh\u00e2n, \u0110\u1eb7c s\u1ea3n Ngon L\u1ea1 \u0110\u00e0 L\u1ea1t"},"content":{"rendered":"<p>B\u00e1nh ng\u00f3i h\u1ea1nh nh\u00e2n si\u00eau gi\u00f2n r\u1ee5m, v\u1ecb b\u00f9i b\u00e9o c\u1ee7a h\u1ea1nh nh\u00e2n v\u00e0 th\u01a1m l\u1eebng c\u1ee7 b\u00e1nh n\u01b0\u1edbng.<br \/>\n C\u1eafn 1 mi\u1ebfng gi\u00f2n r\u1ee5m, r\u1ea5t ph\u00f9 h\u1ee3p v\u1edbi \u0103n v\u1eb7t, c\u1ef1c k\u1ef3 l\u00e0nh m\u1ea1nh trong th\u1eddi gian r\u00e3nh r\u1ed7i, kh\u00f4ng qu\u00e1 ng\u1ecdt, v\u1ecb h\u1ea1nh nh\u00e2n ho\u00e0 quy\u1ec7n c\u1ef1c k\u1ef3 ngon.<br \/>\n B\u00e9o th\u01a1m \u00edt ng\u1ecdt.<br \/>\n Th\u00e0nh ph\u1ea7n: H\u1ea1nh nh\u00e2n l\u00e1t, l\u00f2ng tr\u1eafng tr\u1ee9ng, b\u01a1 l\u1ea1t, \u0111\u01b0\u1eddng, vani.<\/p>\n<p> &#8211; Kh\u00f4ng ch\u1ea5t b\u1ea3o qu\u1ea3n \u2013 \u00cdt ho\u1eb7c kh\u00f4ng d\u00f9ng b\u1ed9t m\u00ec.<br \/>\n Th\u01a1m gi\u00f2n v\u00e0 tan d\u1ea7n trong mi\u1ec7ng khi \u0103n, v\u1ecb ng\u1ecdt d\u1ecbu h\u00f2a quy\u1ec7n c\u00f9ng v\u1ecb beo b\u00e9o.<\/p>\n<p> H\u01af\u1edaNG D\u1eaaN S\u1eec D\u1ee4NG<br \/>\n D\u00f9ng ngay kh\u00f4ng qua ch\u1ebf bi\u1ebfn<\/p>\n<p> B\u1ea2O QU\u1ea2N<br \/>\n &#8211; \u0110\u1ec3 n\u01a1i kh\u00f4 r\u00e1o, tho\u00e1ng m\u00e1t, tr\u00e1nh \u00e1nh n\u1eafng tr\u1ef1c ti\u1ebfp. (nhi\u1ec7t \u0111\u1ed9 15 \u2013 35 \u0111\u1ed9 C)<\/p>\n<p> TH\u00d4NG TIN C\u1ea2NH B\u00c1O<br \/>\n &#8211; Kh\u00f4ng s\u1eed d\u1ee5ng khi s\u1ea3n ph\u1ea9m c\u00f3 hi\u1ec7n t\u01b0\u1ee3ng n\u1ea5m m\u1ed1c, c\u00f3 m\u00f9i l\u1ea1.<\/p>\n","protected":false},"excerpt":{"rendered":"<p>B\u00e1nh ng\u00f3i h\u1ea1nh nh\u00e2n si\u00eau gi\u00f2n r\u1ee5m, v\u1ecb b\u00f9i b\u00e9o c\u1ee7a h\u1ea1nh nh\u00e2n v\u00e0 th\u01a1m l\u1eebng c\u1ee7 b\u00e1nh n\u01b0\u1edbng.<\/p>\n","protected":false},"featured_media":7255,"comment_status":"open","ping_status":"closed","template":"","meta":[],"product_brand":[184],"product_cat":[180,181],"product_tag":[183,182],"class_list":{"0":"post-7256","1":"product","2":"type-product","3":"status-publish","4":"has-post-thumbnail","6":"product_brand-ngon-la-da-lat","7":"product_cat-banh","8":"product_cat-keo-an-vat","9":"product_tag-ngon-la-da-lat","10":"product_tag-shopee-import","12":"first","13":"instock","14":"taxable","15":"shipping-taxable","16":"purchasable","17":"product-type-variable"},"yoast_head":"<!-- This site is optimized with the Yoast SEO plugin v27.1.1 - https:\/\/yoast.com\/product\/yoast-seo-wordpress\/ -->\n<title>B\u00e1nh ng\u00f3i h\u1ea1nh nh\u00e2n, \u0110\u1eb7c s\u1ea3n Ngon L\u1ea1 \u0110\u00e0 L\u1ea1t - Ngon L\u1ea1 \u0110\u00e0 L\u1ea1t<\/title>\n<meta name=\"robots\" content=\"index, follow, max-snippet:-1, max-image-preview:large, max-video-preview:-1\" \/>\n<link rel=\"canonical\" href=\"https:\/\/ngonladalat.com\/?product=banh-ngoi-hanh-nhan-dac-san-ngon-la-da-lat\" \/>\n<meta property=\"og:locale\" content=\"vi_VN\" \/>\n<meta property=\"og:type\" content=\"article\" \/>\n<meta property=\"og:title\" content=\"B\u00e1nh ng\u00f3i h\u1ea1nh nh\u00e2n, \u0110\u1eb7c s\u1ea3n Ngon L\u1ea1 \u0110\u00e0 L\u1ea1t - Ngon L\u1ea1 \u0110\u00e0 L\u1ea1t\" \/>\n<meta property=\"og:description\" content=\"B\u00e1nh ng\u00f3i h\u1ea1nh nh\u00e2n si\u00eau gi\u00f2n r\u1ee5m, v\u1ecb b\u00f9i b\u00e9o c\u1ee7a h\u1ea1nh nh\u00e2n v\u00e0 th\u01a1m l\u1eebng c\u1ee7 b\u00e1nh n\u01b0\u1edbng.\" \/>\n<meta property=\"og:url\" content=\"https:\/\/ngonladalat.com\/?product=banh-ngoi-hanh-nhan-dac-san-ngon-la-da-lat\" \/>\n<meta property=\"og:site_name\" content=\"Ngon L\u1ea1 \u0110\u00e0 L\u1ea1t\" \/>\n<meta property=\"article:modified_time\" content=\"2026-03-19T16:04:09+00:00\" \/>\n<meta property=\"og:image\" content=\"https:\/\/ngonladalat.com\/wp-content\/uploads\/2026\/03\/50001776226_1.jpg\" \/>\n\t<meta property=\"og:image:width\" content=\"800\" \/>\n\t<meta property=\"og:image:height\" content=\"800\" \/>\n\t<meta property=\"og:image:type\" content=\"image\/jpeg\" \/>\n<meta name=\"twitter:card\" content=\"summary_large_image\" \/>\n<meta name=\"twitter:label1\" content=\"\u01af\u1edbc t\u00ednh th\u1eddi gian \u0111\u1ecdc\" \/>\n\t<meta name=\"twitter:data1\" content=\"1 ph\u00fat\" \/>\n<script type=\"application\/ld+json\" class=\"yoast-schema-graph\">{\"@context\":\"https:\/\/schema.org\",\"@graph\":[{\"@type\":\"WebPage\",\"@id\":\"https:\/\/ngonladalat.com\/?product=banh-ngoi-hanh-nhan-dac-san-ngon-la-da-lat\",\"url\":\"https:\/\/ngonladalat.com\/?product=banh-ngoi-hanh-nhan-dac-san-ngon-la-da-lat\",\"name\":\"B\u00e1nh ng\u00f3i h\u1ea1nh nh\u00e2n, \u0110\u1eb7c s\u1ea3n Ngon L\u1ea1 \u0110\u00e0 L\u1ea1t - Ngon L\u1ea1 \u0110\u00e0 L\u1ea1t\",\"isPartOf\":{\"@id\":\"https:\/\/ngonladalat.com\/#website\"},\"primaryImageOfPage\":{\"@id\":\"https:\/\/ngonladalat.com\/?product=banh-ngoi-hanh-nhan-dac-san-ngon-la-da-lat#primaryimage\"},\"image\":{\"@id\":\"https:\/\/ngonladalat.com\/?product=banh-ngoi-hanh-nhan-dac-san-ngon-la-da-lat#primaryimage\"},\"thumbnailUrl\":\"https:\/\/ngonladalat.com\/wp-content\/uploads\/2026\/03\/50001776226_1.jpg\",\"datePublished\":\"2026-03-18T16:33:21+00:00\",\"dateModified\":\"2026-03-19T16:04:09+00:00\",\"breadcrumb\":{\"@id\":\"https:\/\/ngonladalat.com\/?product=banh-ngoi-hanh-nhan-dac-san-ngon-la-da-lat#breadcrumb\"},\"inLanguage\":\"vi\",\"potentialAction\":[{\"@type\":\"ReadAction\",\"target\":[\"https:\/\/ngonladalat.com\/?product=banh-ngoi-hanh-nhan-dac-san-ngon-la-da-lat\"]}]},{\"@type\":\"ImageObject\",\"inLanguage\":\"vi\",\"@id\":\"https:\/\/ngonladalat.com\/?product=banh-ngoi-hanh-nhan-dac-san-ngon-la-da-lat#primaryimage\",\"url\":\"https:\/\/ngonladalat.com\/wp-content\/uploads\/2026\/03\/50001776226_1.jpg\",\"contentUrl\":\"https:\/\/ngonladalat.com\/wp-content\/uploads\/2026\/03\/50001776226_1.jpg\",\"width\":800,\"height\":800},{\"@type\":\"BreadcrumbList\",\"@id\":\"https:\/\/ngonladalat.com\/?product=banh-ngoi-hanh-nhan-dac-san-ngon-la-da-lat#breadcrumb\",\"itemListElement\":[{\"@type\":\"ListItem\",\"position\":1,\"name\":\"Trang ch\u1ee7\",\"item\":\"https:\/\/ngonladalat.com\/\"},{\"@type\":\"ListItem\",\"position\":2,\"name\":\"C\u1eecA H\u00c0NG\",\"item\":\"https:\/\/ngonladalat.com\/\"},{\"@type\":\"ListItem\",\"position\":3,\"name\":\"B\u00e1nh ng\u00f3i h\u1ea1nh nh\u00e2n, \u0110\u1eb7c s\u1ea3n Ngon L\u1ea1 \u0110\u00e0 L\u1ea1t\"}]},{\"@type\":\"WebSite\",\"@id\":\"https:\/\/ngonladalat.com\/#website\",\"url\":\"https:\/\/ngonladalat.com\/\",\"name\":\"Ngon L\u1ea1 \u0110\u00e0 L\u1ea1t\",\"description\":\"\",\"publisher\":{\"@id\":\"https:\/\/ngonladalat.com\/#organization\"},\"potentialAction\":[{\"@type\":\"SearchAction\",\"target\":{\"@type\":\"EntryPoint\",\"urlTemplate\":\"https:\/\/ngonladalat.com\/?s={search_term_string}\"},\"query-input\":{\"@type\":\"PropertyValueSpecification\",\"valueRequired\":true,\"valueName\":\"search_term_string\"}}],\"inLanguage\":\"vi\"},{\"@type\":\"Organization\",\"@id\":\"https:\/\/ngonladalat.com\/#organization\",\"name\":\"Ngon L\u1ea1 \u0110\u00e0 L\u1ea1t\",\"url\":\"https:\/\/ngonladalat.com\/\",\"logo\":{\"@type\":\"ImageObject\",\"inLanguage\":\"vi\",\"@id\":\"https:\/\/ngonladalat.com\/#\/schema\/logo\/image\/\",\"url\":\"https:\/\/ngonladalat.com\/wp-content\/uploads\/2026\/03\/logongang.png\",\"contentUrl\":\"https:\/\/ngonladalat.com\/wp-content\/uploads\/2026\/03\/logongang.png\",\"width\":500,\"height\":77,\"caption\":\"Ngon L\u1ea1 \u0110\u00e0 L\u1ea1t\"},\"image\":{\"@id\":\"https:\/\/ngonladalat.com\/#\/schema\/logo\/image\/\"}}]}<\/script>\n<!-- \/ Yoast SEO plugin. -->","yoast_head_json":{"title":"B\u00e1nh ng\u00f3i h\u1ea1nh nh\u00e2n, \u0110\u1eb7c s\u1ea3n Ngon L\u1ea1 \u0110\u00e0 L\u1ea1t - Ngon L\u1ea1 \u0110\u00e0 L\u1ea1t","robots":{"index":"index","follow":"follow","max-snippet":"max-snippet:-1","max-image-preview":"max-image-preview:large","max-video-preview":"max-video-preview:-1"},"canonical":"https:\/\/ngonladalat.com\/?product=banh-ngoi-hanh-nhan-dac-san-ngon-la-da-lat","og_locale":"vi_VN","og_type":"article","og_title":"B\u00e1nh ng\u00f3i h\u1ea1nh nh\u00e2n, \u0110\u1eb7c s\u1ea3n Ngon L\u1ea1 \u0110\u00e0 L\u1ea1t - Ngon L\u1ea1 \u0110\u00e0 L\u1ea1t","og_description":"B\u00e1nh ng\u00f3i h\u1ea1nh nh\u00e2n si\u00eau gi\u00f2n r\u1ee5m, v\u1ecb b\u00f9i b\u00e9o c\u1ee7a h\u1ea1nh nh\u00e2n v\u00e0 th\u01a1m l\u1eebng c\u1ee7 b\u00e1nh n\u01b0\u1edbng.","og_url":"https:\/\/ngonladalat.com\/?product=banh-ngoi-hanh-nhan-dac-san-ngon-la-da-lat","og_site_name":"Ngon L\u1ea1 \u0110\u00e0 L\u1ea1t","article_modified_time":"2026-03-19T16:04:09+00:00","og_image":[{"width":800,"height":800,"url":"https:\/\/ngonladalat.com\/wp-content\/uploads\/2026\/03\/50001776226_1.jpg","type":"image\/jpeg"}],"twitter_card":"summary_large_image","twitter_misc":{"\u01af\u1edbc t\u00ednh th\u1eddi gian \u0111\u1ecdc":"1 ph\u00fat"},"schema":{"@context":"https:\/\/schema.org","@graph":[{"@type":"WebPage","@id":"https:\/\/ngonladalat.com\/?product=banh-ngoi-hanh-nhan-dac-san-ngon-la-da-lat","url":"https:\/\/ngonladalat.com\/?product=banh-ngoi-hanh-nhan-dac-san-ngon-la-da-lat","name":"B\u00e1nh ng\u00f3i h\u1ea1nh nh\u00e2n, \u0110\u1eb7c s\u1ea3n Ngon L\u1ea1 \u0110\u00e0 L\u1ea1t - Ngon L\u1ea1 \u0110\u00e0 L\u1ea1t","isPartOf":{"@id":"https:\/\/ngonladalat.com\/#website"},"primaryImageOfPage":{"@id":"https:\/\/ngonladalat.com\/?product=banh-ngoi-hanh-nhan-dac-san-ngon-la-da-lat#primaryimage"},"image":{"@id":"https:\/\/ngonladalat.com\/?product=banh-ngoi-hanh-nhan-dac-san-ngon-la-da-lat#primaryimage"},"thumbnailUrl":"https:\/\/ngonladalat.com\/wp-content\/uploads\/2026\/03\/50001776226_1.jpg","datePublished":"2026-03-18T16:33:21+00:00","dateModified":"2026-03-19T16:04:09+00:00","breadcrumb":{"@id":"https:\/\/ngonladalat.com\/?product=banh-ngoi-hanh-nhan-dac-san-ngon-la-da-lat#breadcrumb"},"inLanguage":"vi","potentialAction":[{"@type":"ReadAction","target":["https:\/\/ngonladalat.com\/?product=banh-ngoi-hanh-nhan-dac-san-ngon-la-da-lat"]}]},{"@type":"ImageObject","inLanguage":"vi","@id":"https:\/\/ngonladalat.com\/?product=banh-ngoi-hanh-nhan-dac-san-ngon-la-da-lat#primaryimage","url":"https:\/\/ngonladalat.com\/wp-content\/uploads\/2026\/03\/50001776226_1.jpg","contentUrl":"https:\/\/ngonladalat.com\/wp-content\/uploads\/2026\/03\/50001776226_1.jpg","width":800,"height":800},{"@type":"BreadcrumbList","@id":"https:\/\/ngonladalat.com\/?product=banh-ngoi-hanh-nhan-dac-san-ngon-la-da-lat#breadcrumb","itemListElement":[{"@type":"ListItem","position":1,"name":"Trang ch\u1ee7","item":"https:\/\/ngonladalat.com\/"},{"@type":"ListItem","position":2,"name":"C\u1eecA H\u00c0NG","item":"https:\/\/ngonladalat.com\/"},{"@type":"ListItem","position":3,"name":"B\u00e1nh ng\u00f3i h\u1ea1nh nh\u00e2n, \u0110\u1eb7c s\u1ea3n Ngon L\u1ea1 \u0110\u00e0 L\u1ea1t"}]},{"@type":"WebSite","@id":"https:\/\/ngonladalat.com\/#website","url":"https:\/\/ngonladalat.com\/","name":"Ngon L\u1ea1 \u0110\u00e0 L\u1ea1t","description":"","publisher":{"@id":"https:\/\/ngonladalat.com\/#organization"},"potentialAction":[{"@type":"SearchAction","target":{"@type":"EntryPoint","urlTemplate":"https:\/\/ngonladalat.com\/?s={search_term_string}"},"query-input":{"@type":"PropertyValueSpecification","valueRequired":true,"valueName":"search_term_string"}}],"inLanguage":"vi"},{"@type":"Organization","@id":"https:\/\/ngonladalat.com\/#organization","name":"Ngon L\u1ea1 \u0110\u00e0 L\u1ea1t","url":"https:\/\/ngonladalat.com\/","logo":{"@type":"ImageObject","inLanguage":"vi","@id":"https:\/\/ngonladalat.com\/#\/schema\/logo\/image\/","url":"https:\/\/ngonladalat.com\/wp-content\/uploads\/2026\/03\/logongang.png","contentUrl":"https:\/\/ngonladalat.com\/wp-content\/uploads\/2026\/03\/logongang.png","width":500,"height":77,"caption":"Ngon L\u1ea1 \u0110\u00e0 L\u1ea1t"},"image":{"@id":"https:\/\/ngonladalat.com\/#\/schema\/logo\/image\/"}}]}},"_links":{"self":[{"href":"https:\/\/ngonladalat.com\/index.php?rest_route=\/wp\/v2\/product\/7256","targetHints":{"allow":["GET"]}}],"collection":[{"href":"https:\/\/ngonladalat.com\/index.php?rest_route=\/wp\/v2\/product"}],"about":[{"href":"https:\/\/ngonladalat.com\/index.php?rest_route=\/wp\/v2\/types\/product"}],"replies":[{"embeddable":true,"href":"https:\/\/ngonladalat.com\/index.php?rest_route=%2Fwp%2Fv2%2Fcomments&post=7256"}],"wp:featuredmedia":[{"embeddable":true,"href":"https:\/\/ngonladalat.com\/index.php?rest_route=\/wp\/v2\/media\/7255"}],"wp:attachment":[{"href":"https:\/\/ngonladalat.com\/index.php?rest_route=%2Fwp%2Fv2%2Fmedia&parent=7256"}],"wp:term":[{"taxonomy":"product_brand","embeddable":true,"href":"https:\/\/ngonladalat.com\/index.php?rest_route=%2Fwp%2Fv2%2Fproduct_brand&post=7256"},{"taxonomy":"product_cat","embeddable":true,"href":"https:\/\/ngonladalat.com\/index.php?rest_route=%2Fwp%2Fv2%2Fproduct_cat&post=7256"},{"taxonomy":"product_tag","embeddable":true,"href":"https:\/\/ngonladalat.com\/index.php?rest_route=%2Fwp%2Fv2%2Fproduct_tag&post=7256"}],"curies":[{"name":"wp","href":"https:\/\/api.w.org\/{rel}","templated":true}]}}