{"id":7619,"date":"2026-03-18T23:35:51","date_gmt":"2026-03-18T16:35:51","guid":{"rendered":"https:\/\/ngonladalat.com\/?product=tra-hoa-hong-dac-san-ngon-la-da-lat"},"modified":"2026-03-19T23:04:46","modified_gmt":"2026-03-19T16:04:46","slug":"tra-hoa-hong-dac-san-ngon-la-da-lat","status":"publish","type":"product","link":"https:\/\/ngonladalat.com\/?product=tra-hoa-hong-dac-san-ngon-la-da-lat","title":{"rendered":"Tr\u00e0 hoa h\u1ed3ng, \u0110\u1eb7c S\u1ea3n Ngon L\u1ea1 \u0110\u00e0 L\u1ea1t"},"content":{"rendered":"<p>\ud83c\udf31 Tr\u00e0 hoa h\u1ed3ng<br \/>\n \ud83c\udf31 Tr\u00e0 hoa c\u00fac<br \/>\n \ud83c\udf31 Tr\u00e0 hoa \u0111\u1eadu bi\u1ebfc<br \/>\n \ud83c\udf31 Tr\u00e0 hoa nh\u00e0i<br \/>\n \ud83c\udf31 Tr\u00e0 hoa atiso \u0111\u1ecf (hibiscus)<br \/>\n \ud83c\udf31 Tr\u00e0 t\u00e2m sen<br \/>\n \ud83c\udf31 Tr\u00e0 hoa qu\u1ea3 bali<\/p>\n<p> C\u00e1ch d\u00f9ng: H\u00e3m 3-5g tr\u00e0 v\u1edbi 200ml n\u01b0\u1edbc s\u00f4i, \u0111\u1ee3i 3 ph\u00fat r\u1ed3i th\u01b0\u1edfng th\u1ee9c<br \/>\n Ho\u1eb7c c\u00f3 th\u1ec3 h\u00e3m tr\u00e0 c\u00f9ng m\u1eadt ong, \u0111\u01b0\u1eddng ph\u00e8n, t\u00e1o \u0111\u1ecf ho\u1eb7c long nh\u00e3n \u0111\u1ec3 t\u0103ng v\u1ecb th\u01a1m ngon c\u1ee7a tr\u00e0<\/p>\n<p> H\u01af\u1edaNG D\u1eaaN S\u1eec D\u1ee4NG<br \/>\n D\u00f9ng ngay kh\u00f4ng qua ch\u1ebf bi\u1ebfn<br \/>\n B\u1ea2O QU\u1ea2N<br \/>\n &#8211; \u0110\u1ec3 n\u01a1i kh\u00f4 r\u00e1o, tho\u00e1ng m\u00e1t, tr\u00e1nh \u00e1nh n\u1eafng tr\u1ef1c ti\u1ebfp. (nhi\u1ec7t \u0111\u1ed9 15 \u2013 35 \u0111\u1ed9 C)<\/p>\n<p> TH\u00d4NG TIN C\u1ea2NH B\u00c1O<br \/>\n &#8211; Kh\u00f4ng s\u1eed d\u1ee5ng khi s\u1ea3n ph\u1ea9m c\u00f3 hi\u1ec7n t\u01b0\u1ee3ng n\u1ea5m m\u1ed1c, c\u00f3 m\u00f9i l\u1ea1.<\/p>\n","protected":false},"excerpt":{"rendered":"<p>\ud83c\udf31 Tr\u00e0 hoa h\u1ed3ng<\/p>\n","protected":false},"featured_media":5769,"comment_status":"open","ping_status":"closed","template":"","meta":[],"product_brand":[184],"product_cat":[187,186],"product_tag":[183,182],"class_list":{"0":"post-7619","1":"product","2":"type-product","3":"status-publish","4":"has-post-thumbnail","6":"product_brand-ngon-la-da-lat","7":"product_cat-ca-phe","8":"product_cat-tra","9":"product_tag-ngon-la-da-lat","10":"product_tag-shopee-import","12":"first","13":"instock","14":"taxable","15":"shipping-taxable","16":"purchasable","17":"product-type-variable"},"yoast_head":"<!-- This site is optimized with the Yoast SEO plugin v27.1.1 - https:\/\/yoast.com\/product\/yoast-seo-wordpress\/ -->\n<title>Tr\u00e0 hoa h\u1ed3ng, \u0110\u1eb7c S\u1ea3n Ngon L\u1ea1 \u0110\u00e0 L\u1ea1t - Ngon L\u1ea1 \u0110\u00e0 L\u1ea1t<\/title>\n<meta name=\"robots\" content=\"index, follow, max-snippet:-1, max-image-preview:large, max-video-preview:-1\" \/>\n<link rel=\"canonical\" href=\"https:\/\/ngonladalat.com\/?product=tra-hoa-hong-dac-san-ngon-la-da-lat\" \/>\n<meta property=\"og:locale\" content=\"vi_VN\" \/>\n<meta property=\"og:type\" content=\"article\" \/>\n<meta property=\"og:title\" content=\"Tr\u00e0 hoa h\u1ed3ng, \u0110\u1eb7c S\u1ea3n Ngon L\u1ea1 \u0110\u00e0 L\u1ea1t - Ngon L\u1ea1 \u0110\u00e0 L\u1ea1t\" \/>\n<meta property=\"og:description\" content=\"\ud83c\udf31 Tr\u00e0 hoa h\u1ed3ng\" \/>\n<meta property=\"og:url\" content=\"https:\/\/ngonladalat.com\/?product=tra-hoa-hong-dac-san-ngon-la-da-lat\" \/>\n<meta property=\"og:site_name\" content=\"Ngon L\u1ea1 \u0110\u00e0 L\u1ea1t\" \/>\n<meta property=\"article:modified_time\" content=\"2026-03-19T16:04:46+00:00\" \/>\n<meta name=\"twitter:card\" content=\"summary_large_image\" \/>\n<meta name=\"twitter:label1\" content=\"\u01af\u1edbc t\u00ednh th\u1eddi gian \u0111\u1ecdc\" \/>\n\t<meta name=\"twitter:data1\" content=\"1 ph\u00fat\" \/>\n<script type=\"application\/ld+json\" class=\"yoast-schema-graph\">{\"@context\":\"https:\/\/schema.org\",\"@graph\":[{\"@type\":\"WebPage\",\"@id\":\"https:\/\/ngonladalat.com\/?product=tra-hoa-hong-dac-san-ngon-la-da-lat\",\"url\":\"https:\/\/ngonladalat.com\/?product=tra-hoa-hong-dac-san-ngon-la-da-lat\",\"name\":\"Tr\u00e0 hoa h\u1ed3ng, \u0110\u1eb7c S\u1ea3n Ngon L\u1ea1 \u0110\u00e0 L\u1ea1t - Ngon L\u1ea1 \u0110\u00e0 L\u1ea1t\",\"isPartOf\":{\"@id\":\"https:\/\/ngonladalat.com\/#website\"},\"primaryImageOfPage\":{\"@id\":\"https:\/\/ngonladalat.com\/?product=tra-hoa-hong-dac-san-ngon-la-da-lat#primaryimage\"},\"image\":{\"@id\":\"https:\/\/ngonladalat.com\/?product=tra-hoa-hong-dac-san-ngon-la-da-lat#primaryimage\"},\"thumbnailUrl\":\"https:\/\/ngonladalat.com\/wp-content\/uploads\/2026\/03\/17677123661_1.jpg\",\"datePublished\":\"2026-03-18T16:35:51+00:00\",\"dateModified\":\"2026-03-19T16:04:46+00:00\",\"breadcrumb\":{\"@id\":\"https:\/\/ngonladalat.com\/?product=tra-hoa-hong-dac-san-ngon-la-da-lat#breadcrumb\"},\"inLanguage\":\"vi\",\"potentialAction\":[{\"@type\":\"ReadAction\",\"target\":[\"https:\/\/ngonladalat.com\/?product=tra-hoa-hong-dac-san-ngon-la-da-lat\"]}]},{\"@type\":\"ImageObject\",\"inLanguage\":\"vi\",\"@id\":\"https:\/\/ngonladalat.com\/?product=tra-hoa-hong-dac-san-ngon-la-da-lat#primaryimage\",\"url\":\"https:\/\/ngonladalat.com\/wp-content\/uploads\/2026\/03\/17677123661_1.jpg\",\"contentUrl\":\"https:\/\/ngonladalat.com\/wp-content\/uploads\/2026\/03\/17677123661_1.jpg\",\"width\":800,\"height\":800},{\"@type\":\"BreadcrumbList\",\"@id\":\"https:\/\/ngonladalat.com\/?product=tra-hoa-hong-dac-san-ngon-la-da-lat#breadcrumb\",\"itemListElement\":[{\"@type\":\"ListItem\",\"position\":1,\"name\":\"Trang ch\u1ee7\",\"item\":\"https:\/\/ngonladalat.com\/\"},{\"@type\":\"ListItem\",\"position\":2,\"name\":\"C\u1eecA H\u00c0NG\",\"item\":\"https:\/\/ngonladalat.com\/\"},{\"@type\":\"ListItem\",\"position\":3,\"name\":\"Tr\u00e0 hoa h\u1ed3ng, \u0110\u1eb7c S\u1ea3n Ngon L\u1ea1 \u0110\u00e0 L\u1ea1t\"}]},{\"@type\":\"WebSite\",\"@id\":\"https:\/\/ngonladalat.com\/#website\",\"url\":\"https:\/\/ngonladalat.com\/\",\"name\":\"Ngon L\u1ea1 \u0110\u00e0 L\u1ea1t\",\"description\":\"\",\"publisher\":{\"@id\":\"https:\/\/ngonladalat.com\/#organization\"},\"potentialAction\":[{\"@type\":\"SearchAction\",\"target\":{\"@type\":\"EntryPoint\",\"urlTemplate\":\"https:\/\/ngonladalat.com\/?s={search_term_string}\"},\"query-input\":{\"@type\":\"PropertyValueSpecification\",\"valueRequired\":true,\"valueName\":\"search_term_string\"}}],\"inLanguage\":\"vi\"},{\"@type\":\"Organization\",\"@id\":\"https:\/\/ngonladalat.com\/#organization\",\"name\":\"Ngon L\u1ea1 \u0110\u00e0 L\u1ea1t\",\"url\":\"https:\/\/ngonladalat.com\/\",\"logo\":{\"@type\":\"ImageObject\",\"inLanguage\":\"vi\",\"@id\":\"https:\/\/ngonladalat.com\/#\/schema\/logo\/image\/\",\"url\":\"https:\/\/ngonladalat.com\/wp-content\/uploads\/2026\/03\/logongang.png\",\"contentUrl\":\"https:\/\/ngonladalat.com\/wp-content\/uploads\/2026\/03\/logongang.png\",\"width\":500,\"height\":77,\"caption\":\"Ngon L\u1ea1 \u0110\u00e0 L\u1ea1t\"},\"image\":{\"@id\":\"https:\/\/ngonladalat.com\/#\/schema\/logo\/image\/\"}}]}<\/script>\n<!-- \/ Yoast SEO plugin. -->","yoast_head_json":{"title":"Tr\u00e0 hoa h\u1ed3ng, \u0110\u1eb7c S\u1ea3n Ngon L\u1ea1 \u0110\u00e0 L\u1ea1t - Ngon L\u1ea1 \u0110\u00e0 L\u1ea1t","robots":{"index":"index","follow":"follow","max-snippet":"max-snippet:-1","max-image-preview":"max-image-preview:large","max-video-preview":"max-video-preview:-1"},"canonical":"https:\/\/ngonladalat.com\/?product=tra-hoa-hong-dac-san-ngon-la-da-lat","og_locale":"vi_VN","og_type":"article","og_title":"Tr\u00e0 hoa h\u1ed3ng, \u0110\u1eb7c S\u1ea3n Ngon L\u1ea1 \u0110\u00e0 L\u1ea1t - Ngon L\u1ea1 \u0110\u00e0 L\u1ea1t","og_description":"\ud83c\udf31 Tr\u00e0 hoa h\u1ed3ng","og_url":"https:\/\/ngonladalat.com\/?product=tra-hoa-hong-dac-san-ngon-la-da-lat","og_site_name":"Ngon L\u1ea1 \u0110\u00e0 L\u1ea1t","article_modified_time":"2026-03-19T16:04:46+00:00","twitter_card":"summary_large_image","twitter_misc":{"\u01af\u1edbc t\u00ednh th\u1eddi gian \u0111\u1ecdc":"1 ph\u00fat"},"schema":{"@context":"https:\/\/schema.org","@graph":[{"@type":"WebPage","@id":"https:\/\/ngonladalat.com\/?product=tra-hoa-hong-dac-san-ngon-la-da-lat","url":"https:\/\/ngonladalat.com\/?product=tra-hoa-hong-dac-san-ngon-la-da-lat","name":"Tr\u00e0 hoa h\u1ed3ng, \u0110\u1eb7c S\u1ea3n Ngon L\u1ea1 \u0110\u00e0 L\u1ea1t - Ngon L\u1ea1 \u0110\u00e0 L\u1ea1t","isPartOf":{"@id":"https:\/\/ngonladalat.com\/#website"},"primaryImageOfPage":{"@id":"https:\/\/ngonladalat.com\/?product=tra-hoa-hong-dac-san-ngon-la-da-lat#primaryimage"},"image":{"@id":"https:\/\/ngonladalat.com\/?product=tra-hoa-hong-dac-san-ngon-la-da-lat#primaryimage"},"thumbnailUrl":"https:\/\/ngonladalat.com\/wp-content\/uploads\/2026\/03\/17677123661_1.jpg","datePublished":"2026-03-18T16:35:51+00:00","dateModified":"2026-03-19T16:04:46+00:00","breadcrumb":{"@id":"https:\/\/ngonladalat.com\/?product=tra-hoa-hong-dac-san-ngon-la-da-lat#breadcrumb"},"inLanguage":"vi","potentialAction":[{"@type":"ReadAction","target":["https:\/\/ngonladalat.com\/?product=tra-hoa-hong-dac-san-ngon-la-da-lat"]}]},{"@type":"ImageObject","inLanguage":"vi","@id":"https:\/\/ngonladalat.com\/?product=tra-hoa-hong-dac-san-ngon-la-da-lat#primaryimage","url":"https:\/\/ngonladalat.com\/wp-content\/uploads\/2026\/03\/17677123661_1.jpg","contentUrl":"https:\/\/ngonladalat.com\/wp-content\/uploads\/2026\/03\/17677123661_1.jpg","width":800,"height":800},{"@type":"BreadcrumbList","@id":"https:\/\/ngonladalat.com\/?product=tra-hoa-hong-dac-san-ngon-la-da-lat#breadcrumb","itemListElement":[{"@type":"ListItem","position":1,"name":"Trang ch\u1ee7","item":"https:\/\/ngonladalat.com\/"},{"@type":"ListItem","position":2,"name":"C\u1eecA H\u00c0NG","item":"https:\/\/ngonladalat.com\/"},{"@type":"ListItem","position":3,"name":"Tr\u00e0 hoa h\u1ed3ng, \u0110\u1eb7c S\u1ea3n Ngon L\u1ea1 \u0110\u00e0 L\u1ea1t"}]},{"@type":"WebSite","@id":"https:\/\/ngonladalat.com\/#website","url":"https:\/\/ngonladalat.com\/","name":"Ngon L\u1ea1 \u0110\u00e0 L\u1ea1t","description":"","publisher":{"@id":"https:\/\/ngonladalat.com\/#organization"},"potentialAction":[{"@type":"SearchAction","target":{"@type":"EntryPoint","urlTemplate":"https:\/\/ngonladalat.com\/?s={search_term_string}"},"query-input":{"@type":"PropertyValueSpecification","valueRequired":true,"valueName":"search_term_string"}}],"inLanguage":"vi"},{"@type":"Organization","@id":"https:\/\/ngonladalat.com\/#organization","name":"Ngon L\u1ea1 \u0110\u00e0 L\u1ea1t","url":"https:\/\/ngonladalat.com\/","logo":{"@type":"ImageObject","inLanguage":"vi","@id":"https:\/\/ngonladalat.com\/#\/schema\/logo\/image\/","url":"https:\/\/ngonladalat.com\/wp-content\/uploads\/2026\/03\/logongang.png","contentUrl":"https:\/\/ngonladalat.com\/wp-content\/uploads\/2026\/03\/logongang.png","width":500,"height":77,"caption":"Ngon L\u1ea1 \u0110\u00e0 L\u1ea1t"},"image":{"@id":"https:\/\/ngonladalat.com\/#\/schema\/logo\/image\/"}}]}},"_links":{"self":[{"href":"https:\/\/ngonladalat.com\/index.php?rest_route=\/wp\/v2\/product\/7619","targetHints":{"allow":["GET"]}}],"collection":[{"href":"https:\/\/ngonladalat.com\/index.php?rest_route=\/wp\/v2\/product"}],"about":[{"href":"https:\/\/ngonladalat.com\/index.php?rest_route=\/wp\/v2\/types\/product"}],"replies":[{"embeddable":true,"href":"https:\/\/ngonladalat.com\/index.php?rest_route=%2Fwp%2Fv2%2Fcomments&post=7619"}],"wp:featuredmedia":[{"embeddable":true,"href":"https:\/\/ngonladalat.com\/index.php?rest_route=\/wp\/v2\/media\/5769"}],"wp:attachment":[{"href":"https:\/\/ngonladalat.com\/index.php?rest_route=%2Fwp%2Fv2%2Fmedia&parent=7619"}],"wp:term":[{"taxonomy":"product_brand","embeddable":true,"href":"https:\/\/ngonladalat.com\/index.php?rest_route=%2Fwp%2Fv2%2Fproduct_brand&post=7619"},{"taxonomy":"product_cat","embeddable":true,"href":"https:\/\/ngonladalat.com\/index.php?rest_route=%2Fwp%2Fv2%2Fproduct_cat&post=7619"},{"taxonomy":"product_tag","embeddable":true,"href":"https:\/\/ngonladalat.com\/index.php?rest_route=%2Fwp%2Fv2%2Fproduct_tag&post=7619"}],"curies":[{"name":"wp","href":"https:\/\/api.w.org\/{rel}","templated":true}]}}