{"id":8077,"date":"2026-03-18T23:38:32","date_gmt":"2026-03-18T16:38:32","guid":{"rendered":"https:\/\/ngonladalat.com\/?product=hong-deo-say-che-dac-san-ngon-la-da-lat"},"modified":"2026-03-19T23:05:38","modified_gmt":"2026-03-19T16:05:38","slug":"hong-deo-say-che-dac-san-ngon-la-da-lat","status":"publish","type":"product","link":"https:\/\/ngonladalat.com\/?product=hong-deo-say-che-dac-san-ngon-la-da-lat","title":{"rendered":"H\u1ed3ng d\u1ebbo s\u1ea5y ch\u1ebb, \u0110\u1eb7c S\u1ea3n Ngon L\u1ea1 \u0110\u00e0 L\u1ea1t"},"content":{"rendered":"<p>T\u1eeb ng\u00e0y x\u01b0a, c\u00e1ch \u0111\u00e2y 35 n\u0103m, x\u00f3m Ch\u00f9a T\u00e0u &#8211; \u0110\u00e0 L\u1ea1t c\u1ee7a t\u1edb \u0111\u00e3 n\u1ed5i ti\u1ebfng v\u1edbi m\u00f3n \u0111\u1eb7c s\u1ea3n H\u1ed3ng s\u1ea5y d\u1ebbo.<\/p>\n<p> C\u00f4ng \u0111o\u1ea1n l\u00e0m h\u1ed3ng kh\u00f4ng k\u00e9m v\u1ea5t v\u1ea3 khi B\u00e0 N\u1ed9i t\u1edb ph\u1ea3i tr\u1ed3ng, h\u00e1i, g\u1ecdt v\u1ecf h\u1ed3ng th\u1eadt m\u1ecfng, r\u1ed3i x\u1ebfp l\u00ean v\u1ec9 s\u1ea5y tr\u00ean than c\u1ee7i c\u1ea3 3 ng\u00e0y, r\u1ed3i b\u00f3p, n\u1eb7n, &#8220;\u1ecbn&#8221;. T\u1eeb t\u1eeb tr\u00e1i h\u1ed3ng t\u01b0\u01a1i l\u00e0 tr\u1edf n\u00ean \u0111\u1eb9p, \u0111\u1ecf, th\u01a1m v\u00e0 ng\u1ecdt l\u1ecbm&#8230;<\/p>\n<p> Th\u1ebf r\u1ed3i ng\u00e0y M\u1eb9 t\u1edb v\u1ec1 chung 1 nh\u00e0, B\u00e0 N\u1ed9i truy\u1ec1n ngh\u1ec1 l\u1ea1i cho m\u1eb9. V\u1eeba \u0111\u01b0\u1ee3c ch\u1ec9 b\u1ea3o, v\u1eeba \u0111\u01b0\u1ee3c th\u1ef1c h\u00e0nh, qua m\u1ea5y ch\u1ee5c n\u0103m, ch\u1ec9 c\u1ea7n ng\u1eedi tr\u00e1i h\u1ed3ng l\u00e0 M\u1eb9 t\u1edb c\u0169ng bi\u1ebft n\u00f3 gi\u00e0 hay non, ch\u1eafc th\u1ecbt hay kh\u00f4ng, v\u00e0 v\u00ec th\u1ebf M\u1eb9 l\u00e0m ra nh\u1eefng m\u1ebb h\u1ed3ng kh\u00f4 kh\u00e1c h\u1eb3n so v\u1edbi h\u00e0ng th\u1ecb tr\u01b0\u1eddng. <\/p>\n<p> May m\u1eafn v\u01b0\u1eddn h\u1ed3ng c\u1ee7a Ba t\u1edb tuy kh\u00f4ng phun thu\u1ed1c g\u00ec nh\u01b0ng r\u1ea5t sai tr\u00e1i, Ba M\u1eb9 ch\u1ec9 ch\u1ecdn nh\u1eefng tr\u00e1i h\u1ed3ng gi\u00e0 nh\u1ea5t, ngon nh\u1ea5t \u0111\u1ec3 l\u00e0m, c\u1ed9ng v\u1edbi ph\u01b0\u01a1ng ph\u00e1p s\u1ea5y gi\u00f3, kh\u00f4ng d\u00f9ng than t\u1ed5 ong. N\u00ean kh\u00e1c v\u1edbi h\u1ed3ng s\u1ea5y n\u01a1i kh\u00e1c, h\u1ed3ng nh\u00e0 t\u1edb ngon ng\u1ecdt v\u00f4 c\u00f9ng, c\u01a1 m\u00e0 kh\u00f4ng ng\u1ecdt g\u1eaft \u0111\u00e2u, h\u1ed3ng ng\u1ecdt thanh, th\u01a1m nh\u1eb9, m\u00f9i v\u1ecb kh\u00f4ng l\u1eabn v\u00e0o \u0111\u00e2u \u0111\u01b0\u1ee3c.<\/p>\n<p> T\u1edb \u0111\u1ea3m b\u1ea3o r\u1eb1ng h\u1ed3ng nh\u00e0 t\u1edb \u0103n m\u1ed9t l\u1ea7n l\u00e0 kh\u00f4ng th\u1ec3 qu\u00ean, n\u1ebfu b\u1ea1n kh\u00f4ng tin th\u00ec c\u1ee9 t\u1edbi nh\u00e0 t\u1edb t\u1ea1i 45 Khe Sanh \u0110\u00e0 L\u1ea1t \u0103n th\u1eed, t\u1ee5i t\u1edb cho \u0103n th\u1eed mi\u1ec5n ph\u00ed nha<\/p>\n<p> Ng\u00e0y s\u1ea3n xu\u1ea5t: m\u1edbi m\u1ed7i ng\u00e0y<br \/>\n H\u1ea1n d\u00f9ng: 4 th\u00e1ng k\u1ec3 t\u1eeb ng\u00e0y s\u1ea3n xu\u1ea5t<br \/>\n &#8212;&#8212;&#8212;&#8212;&#8212;&#8212;&#8212;&#8212;&#8212;&#8212;&#8212;&#8212;&#8211;<br \/>\n \ud83c\udf32 S\u1ea3n xu\u1ea5t b\u1edfi V\u01b0\u1eddn h\u1ed3ng L\u1ec5 V\u00e2n<br \/>\n \ud83c\udfe1 45 Khe Sanh, \u0110\u00e0 L\u1ea1t<\/p>\n<p> \ud83d\uded2 C\u1eeda h\u00e0ng Ngon L\u1ea1 \u0110\u00e0 L\u1ea1t<br \/>\n \ud83c\udfe1 05 Tr\u01b0\u01a1ng C\u00f4ng \u0110\u1ecbnh, \u0110\u00e0 L\u1ea1t<br \/>\n \ud83c\udfe1 14 \u0110\u01b0\u1eddng 3\/2, \u0110\u00e0 L\u1ea1t<\/p>\n<p> \u26a1\ufe0fShopee.vn\/lapu2510 (kh\u00e1ch \u1edf xa mua h\u00e0ng t\u1ea1i Shopee \u0111\u1ec3 \u0111\u01b0\u1ee3c h\u1ed7 tr\u1ee3 ph\u00ed v\u1eadn chuy\u1ec3n 40k khi mua ho\u00e1 \u0111\u01a1n t\u1eeb 250k nha)<\/p>\n<p> \ud83d\udcde 089 89 81 589 &#8211; 0986 132909<br \/>\n G\u1ecdi ngay \u0111\u1ec3 \u0111\u1eb7t h\u00e0ng v\u00e0 \u0111\u01b0\u1ee3c giao h\u00e0ng t\u1eadn nh\u00e0 nh\u00e9<\/p>\n<p> \ud83c\udf3f Ship m\u1ecdi mi\u1ec1n T\u1ed5 Qu\u1ed1c<\/p>\n","protected":false},"excerpt":{"rendered":"<p>T\u1eeb ng\u00e0y x\u01b0a, c\u00e1ch \u0111\u00e2y 35 n\u0103m, x\u00f3m Ch\u00f9a T\u00e0u &#8211; \u0110\u00e0 L\u1ea1t c\u1ee7a t\u1edb \u0111\u00e3 n\u1ed5i ti\u1ebfng v\u1edbi m\u00f3n \u0111\u1eb7c s\u1ea3n H\u1ed3ng s\u1ea5y d\u1ebbo.<\/p>\n","protected":false},"featured_media":6867,"comment_status":"open","ping_status":"closed","template":"","meta":[],"product_brand":[184],"product_cat":[185],"product_tag":[183,182],"class_list":{"0":"post-8077","1":"product","2":"type-product","3":"status-publish","4":"has-post-thumbnail","6":"product_brand-ngon-la-da-lat","7":"product_cat-trai-cay-say-deo","8":"product_tag-ngon-la-da-lat","9":"product_tag-shopee-import","11":"first","12":"instock","13":"taxable","14":"shipping-taxable","15":"purchasable","16":"product-type-variable"},"yoast_head":"<!-- This site is optimized with the Yoast SEO plugin v27.1.1 - https:\/\/yoast.com\/product\/yoast-seo-wordpress\/ -->\n<title>H\u1ed3ng d\u1ebbo s\u1ea5y ch\u1ebb, \u0110\u1eb7c S\u1ea3n Ngon L\u1ea1 \u0110\u00e0 L\u1ea1t - Ngon L\u1ea1 \u0110\u00e0 L\u1ea1t<\/title>\n<meta name=\"robots\" content=\"index, follow, max-snippet:-1, max-image-preview:large, max-video-preview:-1\" \/>\n<link rel=\"canonical\" href=\"https:\/\/ngonladalat.com\/?product=hong-deo-say-che-dac-san-ngon-la-da-lat\" \/>\n<meta property=\"og:locale\" content=\"vi_VN\" \/>\n<meta property=\"og:type\" content=\"article\" \/>\n<meta property=\"og:title\" content=\"H\u1ed3ng d\u1ebbo s\u1ea5y ch\u1ebb, \u0110\u1eb7c S\u1ea3n Ngon L\u1ea1 \u0110\u00e0 L\u1ea1t - Ngon L\u1ea1 \u0110\u00e0 L\u1ea1t\" \/>\n<meta property=\"og:description\" content=\"T\u1eeb ng\u00e0y x\u01b0a, c\u00e1ch \u0111\u00e2y 35 n\u0103m, x\u00f3m Ch\u00f9a T\u00e0u - \u0110\u00e0 L\u1ea1t c\u1ee7a t\u1edb \u0111\u00e3 n\u1ed5i ti\u1ebfng v\u1edbi m\u00f3n \u0111\u1eb7c s\u1ea3n H\u1ed3ng s\u1ea5y d\u1ebbo.\" \/>\n<meta property=\"og:url\" content=\"https:\/\/ngonladalat.com\/?product=hong-deo-say-che-dac-san-ngon-la-da-lat\" \/>\n<meta property=\"og:site_name\" content=\"Ngon L\u1ea1 \u0110\u00e0 L\u1ea1t\" \/>\n<meta property=\"article:modified_time\" content=\"2026-03-19T16:05:38+00:00\" \/>\n<meta name=\"twitter:card\" content=\"summary_large_image\" \/>\n<meta name=\"twitter:label1\" content=\"\u01af\u1edbc t\u00ednh th\u1eddi gian \u0111\u1ecdc\" \/>\n\t<meta name=\"twitter:data1\" content=\"2 ph\u00fat\" \/>\n<script type=\"application\/ld+json\" class=\"yoast-schema-graph\">{\"@context\":\"https:\/\/schema.org\",\"@graph\":[{\"@type\":\"WebPage\",\"@id\":\"https:\/\/ngonladalat.com\/?product=hong-deo-say-che-dac-san-ngon-la-da-lat\",\"url\":\"https:\/\/ngonladalat.com\/?product=hong-deo-say-che-dac-san-ngon-la-da-lat\",\"name\":\"H\u1ed3ng d\u1ebbo s\u1ea5y ch\u1ebb, \u0110\u1eb7c S\u1ea3n Ngon L\u1ea1 \u0110\u00e0 L\u1ea1t - Ngon L\u1ea1 \u0110\u00e0 L\u1ea1t\",\"isPartOf\":{\"@id\":\"https:\/\/ngonladalat.com\/#website\"},\"primaryImageOfPage\":{\"@id\":\"https:\/\/ngonladalat.com\/?product=hong-deo-say-che-dac-san-ngon-la-da-lat#primaryimage\"},\"image\":{\"@id\":\"https:\/\/ngonladalat.com\/?product=hong-deo-say-che-dac-san-ngon-la-da-lat#primaryimage\"},\"thumbnailUrl\":\"https:\/\/ngonladalat.com\/wp-content\/uploads\/2026\/03\/1484245511_1.jpg\",\"datePublished\":\"2026-03-18T16:38:32+00:00\",\"dateModified\":\"2026-03-19T16:05:38+00:00\",\"breadcrumb\":{\"@id\":\"https:\/\/ngonladalat.com\/?product=hong-deo-say-che-dac-san-ngon-la-da-lat#breadcrumb\"},\"inLanguage\":\"vi\",\"potentialAction\":[{\"@type\":\"ReadAction\",\"target\":[\"https:\/\/ngonladalat.com\/?product=hong-deo-say-che-dac-san-ngon-la-da-lat\"]}]},{\"@type\":\"ImageObject\",\"inLanguage\":\"vi\",\"@id\":\"https:\/\/ngonladalat.com\/?product=hong-deo-say-che-dac-san-ngon-la-da-lat#primaryimage\",\"url\":\"https:\/\/ngonladalat.com\/wp-content\/uploads\/2026\/03\/1484245511_1.jpg\",\"contentUrl\":\"https:\/\/ngonladalat.com\/wp-content\/uploads\/2026\/03\/1484245511_1.jpg\",\"width\":640,\"height\":640},{\"@type\":\"BreadcrumbList\",\"@id\":\"https:\/\/ngonladalat.com\/?product=hong-deo-say-che-dac-san-ngon-la-da-lat#breadcrumb\",\"itemListElement\":[{\"@type\":\"ListItem\",\"position\":1,\"name\":\"Trang ch\u1ee7\",\"item\":\"https:\/\/ngonladalat.com\/\"},{\"@type\":\"ListItem\",\"position\":2,\"name\":\"C\u1eecA H\u00c0NG\",\"item\":\"https:\/\/ngonladalat.com\/\"},{\"@type\":\"ListItem\",\"position\":3,\"name\":\"H\u1ed3ng d\u1ebbo s\u1ea5y ch\u1ebb, \u0110\u1eb7c S\u1ea3n Ngon L\u1ea1 \u0110\u00e0 L\u1ea1t\"}]},{\"@type\":\"WebSite\",\"@id\":\"https:\/\/ngonladalat.com\/#website\",\"url\":\"https:\/\/ngonladalat.com\/\",\"name\":\"Ngon L\u1ea1 \u0110\u00e0 L\u1ea1t\",\"description\":\"\",\"publisher\":{\"@id\":\"https:\/\/ngonladalat.com\/#organization\"},\"potentialAction\":[{\"@type\":\"SearchAction\",\"target\":{\"@type\":\"EntryPoint\",\"urlTemplate\":\"https:\/\/ngonladalat.com\/?s={search_term_string}\"},\"query-input\":{\"@type\":\"PropertyValueSpecification\",\"valueRequired\":true,\"valueName\":\"search_term_string\"}}],\"inLanguage\":\"vi\"},{\"@type\":\"Organization\",\"@id\":\"https:\/\/ngonladalat.com\/#organization\",\"name\":\"Ngon L\u1ea1 \u0110\u00e0 L\u1ea1t\",\"url\":\"https:\/\/ngonladalat.com\/\",\"logo\":{\"@type\":\"ImageObject\",\"inLanguage\":\"vi\",\"@id\":\"https:\/\/ngonladalat.com\/#\/schema\/logo\/image\/\",\"url\":\"https:\/\/ngonladalat.com\/wp-content\/uploads\/2026\/03\/logongang.png\",\"contentUrl\":\"https:\/\/ngonladalat.com\/wp-content\/uploads\/2026\/03\/logongang.png\",\"width\":500,\"height\":77,\"caption\":\"Ngon L\u1ea1 \u0110\u00e0 L\u1ea1t\"},\"image\":{\"@id\":\"https:\/\/ngonladalat.com\/#\/schema\/logo\/image\/\"}}]}<\/script>\n<!-- \/ Yoast SEO plugin. -->","yoast_head_json":{"title":"H\u1ed3ng d\u1ebbo s\u1ea5y ch\u1ebb, \u0110\u1eb7c S\u1ea3n Ngon L\u1ea1 \u0110\u00e0 L\u1ea1t - Ngon L\u1ea1 \u0110\u00e0 L\u1ea1t","robots":{"index":"index","follow":"follow","max-snippet":"max-snippet:-1","max-image-preview":"max-image-preview:large","max-video-preview":"max-video-preview:-1"},"canonical":"https:\/\/ngonladalat.com\/?product=hong-deo-say-che-dac-san-ngon-la-da-lat","og_locale":"vi_VN","og_type":"article","og_title":"H\u1ed3ng d\u1ebbo s\u1ea5y ch\u1ebb, \u0110\u1eb7c S\u1ea3n Ngon L\u1ea1 \u0110\u00e0 L\u1ea1t - Ngon L\u1ea1 \u0110\u00e0 L\u1ea1t","og_description":"T\u1eeb ng\u00e0y x\u01b0a, c\u00e1ch \u0111\u00e2y 35 n\u0103m, x\u00f3m Ch\u00f9a T\u00e0u - \u0110\u00e0 L\u1ea1t c\u1ee7a t\u1edb \u0111\u00e3 n\u1ed5i ti\u1ebfng v\u1edbi m\u00f3n \u0111\u1eb7c s\u1ea3n H\u1ed3ng s\u1ea5y d\u1ebbo.","og_url":"https:\/\/ngonladalat.com\/?product=hong-deo-say-che-dac-san-ngon-la-da-lat","og_site_name":"Ngon L\u1ea1 \u0110\u00e0 L\u1ea1t","article_modified_time":"2026-03-19T16:05:38+00:00","twitter_card":"summary_large_image","twitter_misc":{"\u01af\u1edbc t\u00ednh th\u1eddi gian \u0111\u1ecdc":"2 ph\u00fat"},"schema":{"@context":"https:\/\/schema.org","@graph":[{"@type":"WebPage","@id":"https:\/\/ngonladalat.com\/?product=hong-deo-say-che-dac-san-ngon-la-da-lat","url":"https:\/\/ngonladalat.com\/?product=hong-deo-say-che-dac-san-ngon-la-da-lat","name":"H\u1ed3ng d\u1ebbo s\u1ea5y ch\u1ebb, \u0110\u1eb7c S\u1ea3n Ngon L\u1ea1 \u0110\u00e0 L\u1ea1t - Ngon L\u1ea1 \u0110\u00e0 L\u1ea1t","isPartOf":{"@id":"https:\/\/ngonladalat.com\/#website"},"primaryImageOfPage":{"@id":"https:\/\/ngonladalat.com\/?product=hong-deo-say-che-dac-san-ngon-la-da-lat#primaryimage"},"image":{"@id":"https:\/\/ngonladalat.com\/?product=hong-deo-say-che-dac-san-ngon-la-da-lat#primaryimage"},"thumbnailUrl":"https:\/\/ngonladalat.com\/wp-content\/uploads\/2026\/03\/1484245511_1.jpg","datePublished":"2026-03-18T16:38:32+00:00","dateModified":"2026-03-19T16:05:38+00:00","breadcrumb":{"@id":"https:\/\/ngonladalat.com\/?product=hong-deo-say-che-dac-san-ngon-la-da-lat#breadcrumb"},"inLanguage":"vi","potentialAction":[{"@type":"ReadAction","target":["https:\/\/ngonladalat.com\/?product=hong-deo-say-che-dac-san-ngon-la-da-lat"]}]},{"@type":"ImageObject","inLanguage":"vi","@id":"https:\/\/ngonladalat.com\/?product=hong-deo-say-che-dac-san-ngon-la-da-lat#primaryimage","url":"https:\/\/ngonladalat.com\/wp-content\/uploads\/2026\/03\/1484245511_1.jpg","contentUrl":"https:\/\/ngonladalat.com\/wp-content\/uploads\/2026\/03\/1484245511_1.jpg","width":640,"height":640},{"@type":"BreadcrumbList","@id":"https:\/\/ngonladalat.com\/?product=hong-deo-say-che-dac-san-ngon-la-da-lat#breadcrumb","itemListElement":[{"@type":"ListItem","position":1,"name":"Trang ch\u1ee7","item":"https:\/\/ngonladalat.com\/"},{"@type":"ListItem","position":2,"name":"C\u1eecA H\u00c0NG","item":"https:\/\/ngonladalat.com\/"},{"@type":"ListItem","position":3,"name":"H\u1ed3ng d\u1ebbo s\u1ea5y ch\u1ebb, \u0110\u1eb7c S\u1ea3n Ngon L\u1ea1 \u0110\u00e0 L\u1ea1t"}]},{"@type":"WebSite","@id":"https:\/\/ngonladalat.com\/#website","url":"https:\/\/ngonladalat.com\/","name":"Ngon L\u1ea1 \u0110\u00e0 L\u1ea1t","description":"","publisher":{"@id":"https:\/\/ngonladalat.com\/#organization"},"potentialAction":[{"@type":"SearchAction","target":{"@type":"EntryPoint","urlTemplate":"https:\/\/ngonladalat.com\/?s={search_term_string}"},"query-input":{"@type":"PropertyValueSpecification","valueRequired":true,"valueName":"search_term_string"}}],"inLanguage":"vi"},{"@type":"Organization","@id":"https:\/\/ngonladalat.com\/#organization","name":"Ngon L\u1ea1 \u0110\u00e0 L\u1ea1t","url":"https:\/\/ngonladalat.com\/","logo":{"@type":"ImageObject","inLanguage":"vi","@id":"https:\/\/ngonladalat.com\/#\/schema\/logo\/image\/","url":"https:\/\/ngonladalat.com\/wp-content\/uploads\/2026\/03\/logongang.png","contentUrl":"https:\/\/ngonladalat.com\/wp-content\/uploads\/2026\/03\/logongang.png","width":500,"height":77,"caption":"Ngon L\u1ea1 \u0110\u00e0 L\u1ea1t"},"image":{"@id":"https:\/\/ngonladalat.com\/#\/schema\/logo\/image\/"}}]}},"_links":{"self":[{"href":"https:\/\/ngonladalat.com\/index.php?rest_route=\/wp\/v2\/product\/8077","targetHints":{"allow":["GET"]}}],"collection":[{"href":"https:\/\/ngonladalat.com\/index.php?rest_route=\/wp\/v2\/product"}],"about":[{"href":"https:\/\/ngonladalat.com\/index.php?rest_route=\/wp\/v2\/types\/product"}],"replies":[{"embeddable":true,"href":"https:\/\/ngonladalat.com\/index.php?rest_route=%2Fwp%2Fv2%2Fcomments&post=8077"}],"wp:featuredmedia":[{"embeddable":true,"href":"https:\/\/ngonladalat.com\/index.php?rest_route=\/wp\/v2\/media\/6867"}],"wp:attachment":[{"href":"https:\/\/ngonladalat.com\/index.php?rest_route=%2Fwp%2Fv2%2Fmedia&parent=8077"}],"wp:term":[{"taxonomy":"product_brand","embeddable":true,"href":"https:\/\/ngonladalat.com\/index.php?rest_route=%2Fwp%2Fv2%2Fproduct_brand&post=8077"},{"taxonomy":"product_cat","embeddable":true,"href":"https:\/\/ngonladalat.com\/index.php?rest_route=%2Fwp%2Fv2%2Fproduct_cat&post=8077"},{"taxonomy":"product_tag","embeddable":true,"href":"https:\/\/ngonladalat.com\/index.php?rest_route=%2Fwp%2Fv2%2Fproduct_tag&post=8077"}],"curies":[{"name":"wp","href":"https:\/\/api.w.org\/{rel}","templated":true}]}}